{"id":250,"date":"2016-11-14T21:32:11","date_gmt":"2016-11-14T21:32:11","guid":{"rendered":"https:\/\/marquesmarcas.com\/services\/marca\/"},"modified":"2017-12-30T18:04:39","modified_gmt":"2017-12-30T18:04:39","slug":"trademark","status":"publish","type":"page","link":"https:\/\/marquesmarcas.com\/en\/services\/trademark\/","title":{"rendered":"Trademark"},"content":{"rendered":"<section class=\"wpb-content-wrapper\"><p>[vc_row css_animation=&#8221;&#8221; row_type=&#8221;row&#8221; use_row_as_full_screen_section=&#8221;no&#8221; type=&#8221;grid&#8221; angled_section=&#8221;no&#8221; text_align=&#8221;left&#8221; background_image_as_pattern=&#8221;without_pattern&#8221; padding_top=&#8221;30&#8243;][vc_column width=&#8221;1\/2&#8243;][vc_column_text]In a simple way, a trademark can be defined as a signal used to identify and distinguish the goods and services provided by a particular entity. The extent of a trademark depends on the type of registration made. Thus, for example:<\/p>\n<p>Trademark in Portugal, Angola, Mozambique, S\u00e3o Tom\u00e9 and Pr\u00edncipe, Guinea, Cape Verde and Macau \u2013 protection is limited to each national territory<br \/>\nCommunity trademark &#8211; protection throughout the European Union<br \/>\nTrademark in Benelux &#8211; protection throughout the Benelux region (Belgium, the Netherlands and Luxembourg)<br \/>\nInternational trademark &#8211; a simple request, the possibility of designating 152 countries<br \/>\nTrademark Abroad &#8211; in any country in the world<\/p>\n<p>A trademark, regardless of its length, may be renewed an indefinite number of times. The decision on the number of times the trademark is to be renewed is the competence of the trade mark proprietor.<\/p>\n<p>Trademarks are often one of the most valuable assets of a company. Therefore, careful management of a portfolio of trademarks, combined with the realization of appropriate searches, can avoid serious subsequent legal problems.[\/vc_column_text][\/vc_column][vc_column width=&#8221;1\/2&#8243;][vc_column_text]<\/p>\n<h3>New Request<\/h3>\n<p>[\/vc_column_text][vc_separator type=&#8221;small&#8221; position=&#8221;left&#8221;]\n<div class=\"wpcf7 no-js\" id=\"wpcf7-f291-o1\" lang=\"pt-PT\" dir=\"ltr\">\n<div class=\"screen-reader-response\"><p role=\"status\" aria-live=\"polite\" aria-atomic=\"true\"><\/p> <ul><\/ul><\/div>\n<form action=\"\/en\/wp-json\/wp\/v2\/pages\/250#wpcf7-f291-o1\" method=\"post\" class=\"wpcf7-form init default\" aria-label=\"Formul\u00e1rio de contacto\" novalidate=\"novalidate\" data-status=\"init\">\n<div style=\"display: none;\">\n<input type=\"hidden\" name=\"_wpcf7\" value=\"291\" \/>\n<input type=\"hidden\" name=\"_wpcf7_version\" value=\"5.7.7\" \/>\n<input type=\"hidden\" name=\"_wpcf7_locale\" value=\"pt_PT\" \/>\n<input type=\"hidden\" name=\"_wpcf7_unit_tag\" value=\"wpcf7-f291-o1\" \/>\n<input type=\"hidden\" name=\"_wpcf7_container_post\" value=\"0\" \/>\n<input type=\"hidden\" name=\"_wpcf7_posted_data_hash\" value=\"\" \/>\n<\/div>\n<p>Name\/Company<span style=\"color:red;\">*<\/span><br \/>\n    <span class=\"wpcf7-form-control-wrap\" data-name=\"your-name\"><input size=\"40\" class=\"wpcf7-form-control wpcf7-text wpcf7-validates-as-required\" aria-required=\"true\" aria-invalid=\"false\" value=\"\" type=\"text\" name=\"your-name\" \/><\/span> <\/p>\n\n<p>Email<span style=\"color:red;\">*<\/span><br \/>\n    <span class=\"wpcf7-form-control-wrap\" data-name=\"your-email\"><input size=\"40\" class=\"wpcf7-form-control wpcf7-text wpcf7-email wpcf7-validates-as-required wpcf7-validates-as-email\" aria-required=\"true\" aria-invalid=\"false\" value=\"\" type=\"email\" name=\"your-email\" \/><\/span> <\/p>\n\n<p>Subject<span style=\"color:red;\">*<\/span><br \/>\n    <span class=\"wpcf7-form-control-wrap\" data-name=\"your-subject\"><input size=\"40\" class=\"wpcf7-form-control wpcf7-text wpcf7-validates-as-required\" aria-required=\"true\" aria-invalid=\"false\" value=\"\" type=\"text\" name=\"your-subject\" \/><\/span> <\/p>\n\n<p>Comments<span style=\"color:red;\">*<\/span><br \/>\n    <span class=\"wpcf7-form-control-wrap\" data-name=\"your-message\"><textarea cols=\"40\" rows=\"10\" class=\"wpcf7-form-control wpcf7-textarea wpcf7-validates-as-required\" aria-required=\"true\" aria-invalid=\"false\" name=\"your-message\"><\/textarea><\/span> <\/p>\n\n<span class=\"wpcf7-form-control-wrap\" data-name=\"acceptance-387\"><span class=\"wpcf7-form-control wpcf7-acceptance\"><span class=\"wpcf7-list-item\"><label><input type=\"checkbox\" name=\"acceptance-387\" value=\"1\" aria-invalid=\"false\" \/><span class=\"wpcf7-list-item-label\">I agree to the <a href=\"https:\/\/marquesmarcas.com\/en\/privacy-policy\/\" target=\"_blank\"><u>Privacy Policy<\/u><\/a><\/span><\/label><\/span><\/span><\/span>\n\n<p><input class=\"wpcf7-form-control has-spinner wpcf7-submit\" type=\"submit\" value=\"Submit\" \/><\/p><div class=\"wpcf7-response-output\" aria-hidden=\"true\"><\/div>\n<\/form>\n<\/div>\n[\/vc_column][\/vc_row]<\/p>\n<\/section>","protected":false},"excerpt":{"rendered":"<p>[vc_row css_animation=&#8221;&#8221; row_type=&#8221;row&#8221; use_row_as_full_screen_section=&#8221;no&#8221; type=&#8221;grid&#8221; angled_section=&#8221;no&#8221; text_align=&#8221;left&#8221; background_image_as_pattern=&#8221;without_pattern&#8221; padding_top=&#8221;30&#8243;][vc_column width=&#8221;1\/2&#8243;][vc_column_text]In a simple way, a trademark can be defined as a signal used to identify and distinguish the goods and services provided by a particular entity. The extent of a trademark depends on the type of&#8230;<\/p>\n","protected":false},"author":1,"featured_media":0,"parent":247,"menu_order":0,"comment_status":"closed","ping_status":"closed","template":"full_width.php","meta":[],"yoast_head":"<!-- This site is optimized with the Yoast SEO plugin v20.10 - https:\/\/yoast.com\/wordpress\/plugins\/seo\/ -->\n<title>Services - Trademark | MarquesMarca<\/title>\n<meta name=\"description\" content=\"How to register a trademark? It can be defined as a signal used to identify and distinguish goods and services provided by a particular entity.\" \/>\n<meta name=\"robots\" content=\"index, follow, max-snippet:-1, max-image-preview:large, max-video-preview:-1\" \/>\n<link rel=\"canonical\" href=\"https:\/\/marquesmarcas.com\/services\/trademark\/\" \/>\n<meta property=\"og:locale\" content=\"en_US\" \/>\n<meta property=\"og:type\" content=\"article\" \/>\n<meta property=\"og:title\" content=\"Services - Trademark | MarquesMarca\" \/>\n<meta property=\"og:description\" content=\"How to register a trademark? It can be defined as a signal used to identify and distinguish goods and services provided by a particular entity.\" \/>\n<meta property=\"og:url\" content=\"https:\/\/marquesmarcas.com\/services\/trademark\/\" \/>\n<meta property=\"og:site_name\" content=\"Marques Marcas\" \/>\n<meta property=\"article:publisher\" content=\"https:\/\/www.facebook.com\/marquesmarcas.consult\" \/>\n<meta property=\"article:modified_time\" content=\"2017-12-30T18:04:39+00:00\" \/>\n<meta name=\"twitter:card\" content=\"summary_large_image\" \/>\n<meta name=\"twitter:label1\" content=\"Est. reading time\" \/>\n\t<meta name=\"twitter:data1\" content=\"1 minute\" \/>\n<script type=\"application\/ld+json\" class=\"yoast-schema-graph\">{\"@context\":\"https:\/\/schema.org\",\"@graph\":[{\"@type\":\"WebPage\",\"@id\":\"https:\/\/marquesmarcas.com\/services\/trademark\/\",\"url\":\"https:\/\/marquesmarcas.com\/services\/trademark\/\",\"name\":\"Services - Trademark | MarquesMarca\",\"isPartOf\":{\"@id\":\"https:\/\/marquesmarcas.com\/#website\"},\"datePublished\":\"2016-11-14T21:32:11+00:00\",\"dateModified\":\"2017-12-30T18:04:39+00:00\",\"description\":\"How to register a trademark? It can be defined as a signal used to identify and distinguish goods and services provided by a particular entity.\",\"breadcrumb\":{\"@id\":\"https:\/\/marquesmarcas.com\/services\/trademark\/#breadcrumb\"},\"inLanguage\":\"en-US\",\"potentialAction\":[{\"@type\":\"ReadAction\",\"target\":[\"https:\/\/marquesmarcas.com\/services\/trademark\/\"]}]},{\"@type\":\"BreadcrumbList\",\"@id\":\"https:\/\/marquesmarcas.com\/services\/trademark\/#breadcrumb\",\"itemListElement\":[{\"@type\":\"ListItem\",\"position\":1,\"name\":\"In\u00edcio\",\"item\":\"https:\/\/marquesmarcas.com\/home\/\"},{\"@type\":\"ListItem\",\"position\":2,\"name\":\"Services\",\"item\":\"https:\/\/marquesmarcas.com\/services\/\"},{\"@type\":\"ListItem\",\"position\":3,\"name\":\"Trademark\"}]},{\"@type\":\"WebSite\",\"@id\":\"https:\/\/marquesmarcas.com\/#website\",\"url\":\"https:\/\/marquesmarcas.com\/\",\"name\":\"Marques Marcas\",\"description\":\"Marcas e Patentes\",\"publisher\":{\"@id\":\"https:\/\/marquesmarcas.com\/#organization\"},\"potentialAction\":[{\"@type\":\"SearchAction\",\"target\":{\"@type\":\"EntryPoint\",\"urlTemplate\":\"https:\/\/marquesmarcas.com\/?s={search_term_string}\"},\"query-input\":\"required name=search_term_string\"}],\"inLanguage\":\"en-US\"},{\"@type\":\"Organization\",\"@id\":\"https:\/\/marquesmarcas.com\/#organization\",\"name\":\"MarquesMarcas\",\"url\":\"https:\/\/marquesmarcas.com\/\",\"logo\":{\"@type\":\"ImageObject\",\"inLanguage\":\"en-US\",\"@id\":\"https:\/\/marquesmarcas.com\/#\/schema\/logo\/image\/\",\"url\":\"https:\/\/marquesmarcas.com\/wp-content\/uploads\/2016\/11\/logo.jpg\",\"contentUrl\":\"https:\/\/marquesmarcas.com\/wp-content\/uploads\/2016\/11\/logo.jpg\",\"width\":433,\"height\":104,\"caption\":\"MarquesMarcas\"},\"image\":{\"@id\":\"https:\/\/marquesmarcas.com\/#\/schema\/logo\/image\/\"},\"sameAs\":[\"https:\/\/www.facebook.com\/marquesmarcas.consult\",\"https:\/\/www.linkedin.com\/company\/marquesmarcas\"]}]}<\/script>\n<!-- \/ Yoast SEO plugin. -->","yoast_head_json":{"title":"Services - Trademark | MarquesMarca","description":"How to register a trademark? It can be defined as a signal used to identify and distinguish goods and services provided by a particular entity.","robots":{"index":"index","follow":"follow","max-snippet":"max-snippet:-1","max-image-preview":"max-image-preview:large","max-video-preview":"max-video-preview:-1"},"canonical":"https:\/\/marquesmarcas.com\/services\/trademark\/","og_locale":"en_US","og_type":"article","og_title":"Services - Trademark | MarquesMarca","og_description":"How to register a trademark? It can be defined as a signal used to identify and distinguish goods and services provided by a particular entity.","og_url":"https:\/\/marquesmarcas.com\/services\/trademark\/","og_site_name":"Marques Marcas","article_publisher":"https:\/\/www.facebook.com\/marquesmarcas.consult","article_modified_time":"2017-12-30T18:04:39+00:00","twitter_card":"summary_large_image","twitter_misc":{"Est. reading time":"1 minute"},"schema":{"@context":"https:\/\/schema.org","@graph":[{"@type":"WebPage","@id":"https:\/\/marquesmarcas.com\/services\/trademark\/","url":"https:\/\/marquesmarcas.com\/services\/trademark\/","name":"Services - Trademark | MarquesMarca","isPartOf":{"@id":"https:\/\/marquesmarcas.com\/#website"},"datePublished":"2016-11-14T21:32:11+00:00","dateModified":"2017-12-30T18:04:39+00:00","description":"How to register a trademark? It can be defined as a signal used to identify and distinguish goods and services provided by a particular entity.","breadcrumb":{"@id":"https:\/\/marquesmarcas.com\/services\/trademark\/#breadcrumb"},"inLanguage":"en-US","potentialAction":[{"@type":"ReadAction","target":["https:\/\/marquesmarcas.com\/services\/trademark\/"]}]},{"@type":"BreadcrumbList","@id":"https:\/\/marquesmarcas.com\/services\/trademark\/#breadcrumb","itemListElement":[{"@type":"ListItem","position":1,"name":"In\u00edcio","item":"https:\/\/marquesmarcas.com\/home\/"},{"@type":"ListItem","position":2,"name":"Services","item":"https:\/\/marquesmarcas.com\/services\/"},{"@type":"ListItem","position":3,"name":"Trademark"}]},{"@type":"WebSite","@id":"https:\/\/marquesmarcas.com\/#website","url":"https:\/\/marquesmarcas.com\/","name":"Marques Marcas","description":"Marcas e Patentes","publisher":{"@id":"https:\/\/marquesmarcas.com\/#organization"},"potentialAction":[{"@type":"SearchAction","target":{"@type":"EntryPoint","urlTemplate":"https:\/\/marquesmarcas.com\/?s={search_term_string}"},"query-input":"required name=search_term_string"}],"inLanguage":"en-US"},{"@type":"Organization","@id":"https:\/\/marquesmarcas.com\/#organization","name":"MarquesMarcas","url":"https:\/\/marquesmarcas.com\/","logo":{"@type":"ImageObject","inLanguage":"en-US","@id":"https:\/\/marquesmarcas.com\/#\/schema\/logo\/image\/","url":"https:\/\/marquesmarcas.com\/wp-content\/uploads\/2016\/11\/logo.jpg","contentUrl":"https:\/\/marquesmarcas.com\/wp-content\/uploads\/2016\/11\/logo.jpg","width":433,"height":104,"caption":"MarquesMarcas"},"image":{"@id":"https:\/\/marquesmarcas.com\/#\/schema\/logo\/image\/"},"sameAs":["https:\/\/www.facebook.com\/marquesmarcas.consult","https:\/\/www.linkedin.com\/company\/marquesmarcas"]}]}},"_links":{"self":[{"href":"https:\/\/marquesmarcas.com\/en\/wp-json\/wp\/v2\/pages\/250"}],"collection":[{"href":"https:\/\/marquesmarcas.com\/en\/wp-json\/wp\/v2\/pages"}],"about":[{"href":"https:\/\/marquesmarcas.com\/en\/wp-json\/wp\/v2\/types\/page"}],"author":[{"embeddable":true,"href":"https:\/\/marquesmarcas.com\/en\/wp-json\/wp\/v2\/users\/1"}],"replies":[{"embeddable":true,"href":"https:\/\/marquesmarcas.com\/en\/wp-json\/wp\/v2\/comments?post=250"}],"version-history":[{"count":0,"href":"https:\/\/marquesmarcas.com\/en\/wp-json\/wp\/v2\/pages\/250\/revisions"}],"up":[{"embeddable":true,"href":"https:\/\/marquesmarcas.com\/en\/wp-json\/wp\/v2\/pages\/247"}],"wp:attachment":[{"href":"https:\/\/marquesmarcas.com\/en\/wp-json\/wp\/v2\/media?parent=250"}],"curies":[{"name":"wp","href":"https:\/\/api.w.org\/{rel}","templated":true}]}}