{"id":336,"date":"2017-11-17T12:44:22","date_gmt":"2017-11-17T12:44:22","guid":{"rendered":"https:\/\/marquesmarcas.com\/marcas-e-patentes\/"},"modified":"2017-12-30T18:02:41","modified_gmt":"2017-12-30T18:02:41","slug":"trademark-and-patent","status":"publish","type":"page","link":"https:\/\/marquesmarcas.com\/en\/trademark-and-patent\/","title":{"rendered":"Trademark and Patent"},"content":{"rendered":"<section class=\"wpb-content-wrapper\"><p>[vc_row css_animation=&#8221;&#8221; row_type=&#8221;row&#8221; use_row_as_full_screen_section=&#8221;no&#8221; type=&#8221;full_width&#8221; angled_section=&#8221;no&#8221; text_align=&#8221;left&#8221; background_image_as_pattern=&#8221;without_pattern&#8221;][vc_column width=&#8221;1\/2&#8243;][vc_column_text css=&#8221;.vc_custom_1511173593138{background-image: url(https:\/\/marquesmarcas.com\/wp-content\/uploads\/2017\/11\/registar-marca-bg.jpg?id=324) !important;}&#8221; el_class=&#8221;headline&#8221;]<\/p>\n<h1>Register a Trademark<\/h1>\n<p>[\/vc_column_text][vc_empty_space][vc_column_text]In a simple way, a trademark can be defined as a signal used to identify and distinguish the goods and services provided by a particular entity. The extent of a trademark depends on the type of registration made. Thus, for example:<br \/>\nTrademark in Portugal, Angola, Mozambique, S\u00e3o Tom\u00e9 and Pr\u00edncipe, Guinea, Cape Verde and Macau \u2013 protection is limited to each national territory<br \/>\nCommunity trademark \u2013 protection throughout the European Union<br \/>\nTrademark in Benelux \u2013 protection throughout the Benelux region (Belgium, the Netherlands and Luxembourg)<br \/>\nInternational trademark \u2013 a simple request, the possibility of designating 96 countries<br \/>\nTrademark Abroad \u2013 in any country in the world<br \/>\nA trademark, regardless of its length, may be renewed an indefinite number of times. The decision on the number of times the trademark is to be renewed is the competence of the trade mark proprietor.[\/vc_column_text][\/vc_column][vc_column width=&#8221;1\/2&#8243;][vc_column_text el_class=&#8221;headline&#8221; css=&#8221;.vc_custom_1511173603754{background-image: url(https:\/\/marquesmarcas.com\/wp-content\/uploads\/2017\/11\/registar-patente-bg.jpg?id=325) !important;}&#8221;]<\/p>\n<h1>Register a Patent<\/h1>\n<p>[\/vc_column_text][vc_empty_space][vc_column_text]<\/p>\n<p>Protect your innovative solutions, patents provide legal protection for innovative solutions to technical problems. A patent confers its owner an exclusive right generally limited to a period, the owner holds a monopoly, relative to the object of the patent. Thus, unless there is a prior agreement (e.g. entered into through an Exploration License), the object of the patent is not available for commercial exploitation by third parties.<\/p>\n<p>The possibility of an innovative solution being patentable deserves some comment. In fact, in order to obtain a patent, the innovative solution developed must strictly verify the following steps:<\/p>\n<p>Novelty &#8211; must comprise a characteristic not known in the current body of knowledge (state of the art);<\/p>\n<p>Inventive step &#8211; needs to contain an aspect (referred to as an inventive step) which should not be corollary or easily reduced by a person with an average knowledge of the subject technique;<\/p>\n<p>Industrial Application.<\/p>\n<p>As regards the legal territory where the exclusive right is granted, it should be noted that the extension of the patent depends on the type of registration made. So, for example:<\/p>\n<p>Portuguese Patent &#8211; Protection is limited to the national territory;<\/p>\n<p>European Patent- With a simple application you can designate more than 39 countries.;<\/p>\n<p>International Patent (PCT) &#8211; With a simple application you can designate more than 152 countries.<\/p>\n<p>Given the need to combine sophisticated legal knowledge with a high technical expertise, Patent Consulting is one of the most sophisticated branches of Intellectual Property consultancy. It is important to note that an innovative solution can easily become devoid of commercial value if adequate protection is not used. Counseling in this area then adds value in substantial terms to technical creations.<\/p>\n<p>[\/vc_column_text][\/vc_column][\/vc_row][vc_row css_animation=&#8221;&#8221; row_type=&#8221;row&#8221; use_row_as_full_screen_section=&#8221;no&#8221; type=&#8221;full_width&#8221; angled_section=&#8221;no&#8221; text_align=&#8221;left&#8221; background_image_as_pattern=&#8221;without_pattern&#8221; css=&#8221;.vc_custom_1510932564209{padding-top: 40px !important;}&#8221;][vc_column][vc_column_text]<\/p>\n<h2>Questions?<\/h2>\n<p>[\/vc_column_text][vc_empty_space][vc_column_text]<\/p>\n<h3 style=\"text-align: center;\"><i class=\"fa fa-phone\" aria-hidden=\"true\"><\/i> <a class=\"telef\" href=\"tel:+351265228685\">+351 265228685<\/a><\/h3>\n<p>[\/vc_column_text][vc_empty_space][vc_column_text]<\/p>\n<h4 style=\"text-align: center;\">or<\/h4>\n<p>[\/vc_column_text][vc_empty_space][vc_column_text]<\/p>\n<p style=\"text-align: center;\">Please submit the following form for further information that you may need. We will contact you as soon as possible.<\/p>\n<p>[\/vc_column_text][vc_empty_space]\n<div class=\"wpcf7 no-js\" id=\"wpcf7-f341-o1\" lang=\"pt-PT\" dir=\"ltr\">\n<div class=\"screen-reader-response\"><p role=\"status\" aria-live=\"polite\" aria-atomic=\"true\"><\/p> <ul><\/ul><\/div>\n<form action=\"\/en\/wp-json\/wp\/v2\/pages\/336#wpcf7-f341-o1\" method=\"post\" class=\"wpcf7-form init default\" aria-label=\"Formul\u00e1rio de contacto\" novalidate=\"novalidate\" data-status=\"init\">\n<div style=\"display: none;\">\n<input type=\"hidden\" name=\"_wpcf7\" value=\"341\" \/>\n<input type=\"hidden\" name=\"_wpcf7_version\" value=\"5.7.7\" \/>\n<input type=\"hidden\" name=\"_wpcf7_locale\" value=\"pt_PT\" \/>\n<input type=\"hidden\" name=\"_wpcf7_unit_tag\" value=\"wpcf7-f341-o1\" \/>\n<input type=\"hidden\" name=\"_wpcf7_container_post\" value=\"0\" \/>\n<input type=\"hidden\" name=\"_wpcf7_posted_data_hash\" value=\"\" \/>\n<\/div>\n<p>Name\/Company<span style=\"color:red;\">*<\/span><br \/>\n    <span class=\"wpcf7-form-control-wrap\" data-name=\"your-name\"><input size=\"40\" class=\"wpcf7-form-control wpcf7-text wpcf7-validates-as-required\" aria-required=\"true\" aria-invalid=\"false\" value=\"\" type=\"text\" name=\"your-name\" \/><\/span> <\/p>\n\n<p>Email<span style=\"color:red;\">*<\/span><br \/>\n    <span class=\"wpcf7-form-control-wrap\" data-name=\"your-email\"><input size=\"40\" class=\"wpcf7-form-control wpcf7-text wpcf7-email wpcf7-validates-as-required wpcf7-validates-as-email\" aria-required=\"true\" aria-invalid=\"false\" value=\"\" type=\"email\" name=\"your-email\" \/><\/span> <\/p>\n\n<p>Message<span style=\"color:red;\">*<\/span><br \/>\n    <span class=\"wpcf7-form-control-wrap\" data-name=\"your-message\"><textarea cols=\"40\" rows=\"10\" class=\"wpcf7-form-control wpcf7-textarea wpcf7-validates-as-required\" aria-required=\"true\" aria-invalid=\"false\" name=\"your-message\"><\/textarea><\/span> <\/p>\n\n<span class=\"wpcf7-form-control-wrap\" data-name=\"acceptance-387\"><span class=\"wpcf7-form-control wpcf7-acceptance\"><span class=\"wpcf7-list-item\"><label><input type=\"checkbox\" name=\"acceptance-387\" value=\"1\" aria-invalid=\"false\" \/><span class=\"wpcf7-list-item-label\">I agree to the <a href=\"https:\/\/marquesmarcas.com\/en\/privacy-policy\/\" target=\"_blank\"><u>Privacy Policy<\/u><\/a><\/span><\/label><\/span><\/span><\/span>\n\n<p><input class=\"wpcf7-form-control has-spinner wpcf7-submit\" type=\"submit\" value=\"Submit\" \/><\/p><div class=\"wpcf7-response-output\" aria-hidden=\"true\"><\/div>\n<\/form>\n<\/div>\n[\/vc_column][\/vc_row]<\/p>\n<\/section>","protected":false},"excerpt":{"rendered":"<p>[vc_row css_animation=&#8221;&#8221; row_type=&#8221;row&#8221; use_row_as_full_screen_section=&#8221;no&#8221; type=&#8221;full_width&#8221; angled_section=&#8221;no&#8221; text_align=&#8221;left&#8221; background_image_as_pattern=&#8221;without_pattern&#8221;][vc_column width=&#8221;1\/2&#8243;][vc_column_text css=&#8221;.vc_custom_1511173593138{background-image: url(https:\/\/marquesmarcas.com\/wp-content\/uploads\/2017\/11\/registar-marca-bg.jpg?id=324) !important;}&#8221; el_class=&#8221;headline&#8221;] Register a Trademark [\/vc_column_text][vc_empty_space][vc_column_text]In a simple way, a trademark can be defined as a signal used to identify and distinguish the goods and services provided by a particular entity. The extent of&#8230;<\/p>\n","protected":false},"author":1,"featured_media":0,"parent":0,"menu_order":0,"comment_status":"closed","ping_status":"closed","template":"","meta":[],"yoast_head":"<!-- This site is optimized with the Yoast SEO plugin v20.10 - https:\/\/yoast.com\/wordpress\/plugins\/seo\/ -->\n<title>Trademark and Patent | Marques Marcas<\/title>\n<meta name=\"robots\" content=\"index, follow, max-snippet:-1, max-image-preview:large, max-video-preview:-1\" \/>\n<link rel=\"canonical\" href=\"https:\/\/marquesmarcas.com\/trademark-and-patent\/\" \/>\n<meta property=\"og:locale\" content=\"en_US\" \/>\n<meta property=\"og:type\" content=\"article\" \/>\n<meta property=\"og:title\" content=\"Trademark and Patent | Marques Marcas\" \/>\n<meta property=\"og:description\" content=\"[vc_row css_animation=&#8221;&#8221; row_type=&#8221;row&#8221; use_row_as_full_screen_section=&#8221;no&#8221; type=&#8221;full_width&#8221; angled_section=&#8221;no&#8221; text_align=&#8221;left&#8221; background_image_as_pattern=&#8221;without_pattern&#8221;][vc_column width=&#8221;1\/2&#8243;][vc_column_text css=&#8221;.vc_custom_1511173593138{background-image: url(https:\/\/marquesmarcas.com\/wp-content\/uploads\/2017\/11\/registar-marca-bg.jpg?id=324) !important;}&#8221; el_class=&#8221;headline&#8221;] Register a Trademark [\/vc_column_text][vc_empty_space][vc_column_text]In a simple way, a trademark can be defined as a signal used to identify and distinguish the goods and services provided by a particular entity. The extent of...\" \/>\n<meta property=\"og:url\" content=\"https:\/\/marquesmarcas.com\/trademark-and-patent\/\" \/>\n<meta property=\"og:site_name\" content=\"Marques Marcas\" \/>\n<meta property=\"article:publisher\" content=\"https:\/\/www.facebook.com\/marquesmarcas.consult\" \/>\n<meta property=\"article:modified_time\" content=\"2017-12-30T18:02:41+00:00\" \/>\n<meta name=\"twitter:card\" content=\"summary_large_image\" \/>\n<meta name=\"twitter:label1\" content=\"Est. reading time\" \/>\n\t<meta name=\"twitter:data1\" content=\"3 minutes\" \/>\n<script type=\"application\/ld+json\" class=\"yoast-schema-graph\">{\"@context\":\"https:\/\/schema.org\",\"@graph\":[{\"@type\":\"WebPage\",\"@id\":\"https:\/\/marquesmarcas.com\/trademark-and-patent\/\",\"url\":\"https:\/\/marquesmarcas.com\/trademark-and-patent\/\",\"name\":\"Trademark and Patent | Marques Marcas\",\"isPartOf\":{\"@id\":\"https:\/\/marquesmarcas.com\/#website\"},\"datePublished\":\"2017-11-17T12:44:22+00:00\",\"dateModified\":\"2017-12-30T18:02:41+00:00\",\"breadcrumb\":{\"@id\":\"https:\/\/marquesmarcas.com\/trademark-and-patent\/#breadcrumb\"},\"inLanguage\":\"en-US\",\"potentialAction\":[{\"@type\":\"ReadAction\",\"target\":[\"https:\/\/marquesmarcas.com\/trademark-and-patent\/\"]}]},{\"@type\":\"BreadcrumbList\",\"@id\":\"https:\/\/marquesmarcas.com\/trademark-and-patent\/#breadcrumb\",\"itemListElement\":[{\"@type\":\"ListItem\",\"position\":1,\"name\":\"In\u00edcio\",\"item\":\"https:\/\/marquesmarcas.com\/home\/\"},{\"@type\":\"ListItem\",\"position\":2,\"name\":\"Trademark and Patent\"}]},{\"@type\":\"WebSite\",\"@id\":\"https:\/\/marquesmarcas.com\/#website\",\"url\":\"https:\/\/marquesmarcas.com\/\",\"name\":\"Marques Marcas\",\"description\":\"Marcas e Patentes\",\"publisher\":{\"@id\":\"https:\/\/marquesmarcas.com\/#organization\"},\"potentialAction\":[{\"@type\":\"SearchAction\",\"target\":{\"@type\":\"EntryPoint\",\"urlTemplate\":\"https:\/\/marquesmarcas.com\/?s={search_term_string}\"},\"query-input\":\"required name=search_term_string\"}],\"inLanguage\":\"en-US\"},{\"@type\":\"Organization\",\"@id\":\"https:\/\/marquesmarcas.com\/#organization\",\"name\":\"MarquesMarcas\",\"url\":\"https:\/\/marquesmarcas.com\/\",\"logo\":{\"@type\":\"ImageObject\",\"inLanguage\":\"en-US\",\"@id\":\"https:\/\/marquesmarcas.com\/#\/schema\/logo\/image\/\",\"url\":\"https:\/\/marquesmarcas.com\/wp-content\/uploads\/2016\/11\/logo.jpg\",\"contentUrl\":\"https:\/\/marquesmarcas.com\/wp-content\/uploads\/2016\/11\/logo.jpg\",\"width\":433,\"height\":104,\"caption\":\"MarquesMarcas\"},\"image\":{\"@id\":\"https:\/\/marquesmarcas.com\/#\/schema\/logo\/image\/\"},\"sameAs\":[\"https:\/\/www.facebook.com\/marquesmarcas.consult\",\"https:\/\/www.linkedin.com\/company\/marquesmarcas\"]}]}<\/script>\n<!-- \/ Yoast SEO plugin. -->","yoast_head_json":{"title":"Trademark and Patent | Marques Marcas","robots":{"index":"index","follow":"follow","max-snippet":"max-snippet:-1","max-image-preview":"max-image-preview:large","max-video-preview":"max-video-preview:-1"},"canonical":"https:\/\/marquesmarcas.com\/trademark-and-patent\/","og_locale":"en_US","og_type":"article","og_title":"Trademark and Patent | Marques Marcas","og_description":"[vc_row css_animation=&#8221;&#8221; row_type=&#8221;row&#8221; use_row_as_full_screen_section=&#8221;no&#8221; type=&#8221;full_width&#8221; angled_section=&#8221;no&#8221; text_align=&#8221;left&#8221; background_image_as_pattern=&#8221;without_pattern&#8221;][vc_column width=&#8221;1\/2&#8243;][vc_column_text css=&#8221;.vc_custom_1511173593138{background-image: url(https:\/\/marquesmarcas.com\/wp-content\/uploads\/2017\/11\/registar-marca-bg.jpg?id=324) !important;}&#8221; el_class=&#8221;headline&#8221;] Register a Trademark [\/vc_column_text][vc_empty_space][vc_column_text]In a simple way, a trademark can be defined as a signal used to identify and distinguish the goods and services provided by a particular entity. The extent of...","og_url":"https:\/\/marquesmarcas.com\/trademark-and-patent\/","og_site_name":"Marques Marcas","article_publisher":"https:\/\/www.facebook.com\/marquesmarcas.consult","article_modified_time":"2017-12-30T18:02:41+00:00","twitter_card":"summary_large_image","twitter_misc":{"Est. reading time":"3 minutes"},"schema":{"@context":"https:\/\/schema.org","@graph":[{"@type":"WebPage","@id":"https:\/\/marquesmarcas.com\/trademark-and-patent\/","url":"https:\/\/marquesmarcas.com\/trademark-and-patent\/","name":"Trademark and Patent | Marques Marcas","isPartOf":{"@id":"https:\/\/marquesmarcas.com\/#website"},"datePublished":"2017-11-17T12:44:22+00:00","dateModified":"2017-12-30T18:02:41+00:00","breadcrumb":{"@id":"https:\/\/marquesmarcas.com\/trademark-and-patent\/#breadcrumb"},"inLanguage":"en-US","potentialAction":[{"@type":"ReadAction","target":["https:\/\/marquesmarcas.com\/trademark-and-patent\/"]}]},{"@type":"BreadcrumbList","@id":"https:\/\/marquesmarcas.com\/trademark-and-patent\/#breadcrumb","itemListElement":[{"@type":"ListItem","position":1,"name":"In\u00edcio","item":"https:\/\/marquesmarcas.com\/home\/"},{"@type":"ListItem","position":2,"name":"Trademark and Patent"}]},{"@type":"WebSite","@id":"https:\/\/marquesmarcas.com\/#website","url":"https:\/\/marquesmarcas.com\/","name":"Marques Marcas","description":"Marcas e Patentes","publisher":{"@id":"https:\/\/marquesmarcas.com\/#organization"},"potentialAction":[{"@type":"SearchAction","target":{"@type":"EntryPoint","urlTemplate":"https:\/\/marquesmarcas.com\/?s={search_term_string}"},"query-input":"required name=search_term_string"}],"inLanguage":"en-US"},{"@type":"Organization","@id":"https:\/\/marquesmarcas.com\/#organization","name":"MarquesMarcas","url":"https:\/\/marquesmarcas.com\/","logo":{"@type":"ImageObject","inLanguage":"en-US","@id":"https:\/\/marquesmarcas.com\/#\/schema\/logo\/image\/","url":"https:\/\/marquesmarcas.com\/wp-content\/uploads\/2016\/11\/logo.jpg","contentUrl":"https:\/\/marquesmarcas.com\/wp-content\/uploads\/2016\/11\/logo.jpg","width":433,"height":104,"caption":"MarquesMarcas"},"image":{"@id":"https:\/\/marquesmarcas.com\/#\/schema\/logo\/image\/"},"sameAs":["https:\/\/www.facebook.com\/marquesmarcas.consult","https:\/\/www.linkedin.com\/company\/marquesmarcas"]}]}},"_links":{"self":[{"href":"https:\/\/marquesmarcas.com\/en\/wp-json\/wp\/v2\/pages\/336"}],"collection":[{"href":"https:\/\/marquesmarcas.com\/en\/wp-json\/wp\/v2\/pages"}],"about":[{"href":"https:\/\/marquesmarcas.com\/en\/wp-json\/wp\/v2\/types\/page"}],"author":[{"embeddable":true,"href":"https:\/\/marquesmarcas.com\/en\/wp-json\/wp\/v2\/users\/1"}],"replies":[{"embeddable":true,"href":"https:\/\/marquesmarcas.com\/en\/wp-json\/wp\/v2\/comments?post=336"}],"version-history":[{"count":0,"href":"https:\/\/marquesmarcas.com\/en\/wp-json\/wp\/v2\/pages\/336\/revisions"}],"wp:attachment":[{"href":"https:\/\/marquesmarcas.com\/en\/wp-json\/wp\/v2\/media?parent=336"}],"curies":[{"name":"wp","href":"https:\/\/api.w.org\/{rel}","templated":true}]}}