{"id":375,"date":"2018-05-21T02:18:22","date_gmt":"2018-05-21T02:18:22","guid":{"rendered":"https:\/\/marquesmarcas.com\/politica-de-privacidade\/"},"modified":"2018-05-25T15:53:22","modified_gmt":"2018-05-25T15:53:22","slug":"privacy-policy","status":"publish","type":"page","link":"https:\/\/marquesmarcas.com\/en\/privacy-policy\/","title":{"rendered":"Privacy Policy"},"content":{"rendered":"<section class=\"wpb-content-wrapper\"><p>[vc_row css_animation=&#8221;&#8221; row_type=&#8221;row&#8221; use_row_as_full_screen_section=&#8221;no&#8221; type=&#8221;full_width&#8221; angled_section=&#8221;no&#8221; text_align=&#8221;left&#8221; background_image_as_pattern=&#8221;without_pattern&#8221;][vc_column][vc_column_text]<\/p>\n<div class=\"panel panel-default\">\n<div class=\"panel-heading\">\n<h4 class=\"panel-title title_rgpd\">Privacy Policy<\/h4>\n<\/div>\n<div id=\"collapse0\" class=\"panel-collapse collapse in\">\n<div class=\"panel-body text_rgpd\">MarquesMarcas\u00ae has the importance of protecting your personal data being whatever its nature. For this reason, we have developed a set of security measures that aim at protecting the data of all our customers and also all those registered on our newsletter feed. We explain who we are, how we use your data, how we handle them, who we share them with, how long we hold them for, and how you can contact us and exercise your rights. This policy has been written to be clear and simple, to be easy to understand, and to help you decide voluntarily if you wish to provide your personal data to MarquesMarcas\u00ae. In line with this, the user hereby states that he\/she is of legal age and that the data provided are true, accurate, complete and current, and that he\/she is responsible for any damages or losses, whether direct or indirect, that may arise from non-compliance with this obligation. The user undertakes to notify MarquesMarcas\u00ae any change to the data supplied. If the data entered belong to a third party, the user states that he\/she has informed that third party about the conditions laid out in this document and has obtained their permission to provide data to MarquesMarcas\u00ae for the purposes stated. If you have any questions about how we treat and protect your data please leave us an email at <a class=\"mylink_\" href=\"mailto:info@marquesmarcas.com\" target=\"_blank\" rel=\"noopener\">info@marquesmarcas.com<\/a><\/div>\n<\/div>\n<\/div>\n<p>[\/vc_column_text][vc_empty_space][vc_column_text]<\/p>\n<div class=\"panel panel-default\">\n<div class=\"panel-heading\">\n<h4 class=\"panel-title title_rgpd\">Scope<\/h4>\n<\/div>\n<div id=\"collapse1\" class=\"panel-collapse collapse\">\n<div class=\"panel-body text_rgpd\">This privacy policy applies to all personal data collected through https:\/\/www.marquesmarcas.com.<\/div>\n<\/div>\n<\/div>\n<p>[\/vc_column_text][vc_empty_space][vc_column_text]<\/p>\n<div class=\"panel panel-default\">\n<div class=\"panel-heading\">\n<h4 class=\"panel-title title_rgpd\">Responsabilidades<\/h4>\n<\/div>\n<div id=\"collapse2\" class=\"panel-collapse collapse\">\n<div class=\"panel-body text_rgpd\">\n<p>Your data will be handled by MarquesMarcas\u00ae, pessoa colectiva n\u00famero 504915428, com sede na Avenida Luisa Todi, N\u00ba. 33 1\u00ba B, Set\u00fabal. Esta sociedade \u00e9 a respons\u00e1vel pelo tratamento de dados pessoais na aceita\u00e7\u00e3o do Regulamento Geral sobre a Protec\u00e7\u00e3o de Dados.<\/p>\n<p>You may contact MarquesMarcas\u00ae about any issue related to this privacy policy, using the following contact details:<\/p>\n<ul>\n<li>Email: <a class=\"mylink_\" href=\"mailto:info@marquesmarcas.com\" target=\"_blank\" rel=\"noopener\">info@marquesmarcas.com<\/a><\/li>\n<\/ul>\n<ul>\n<li>Telephone: +351 265 228 685<\/li>\n<\/ul>\n<\/div>\n<\/div>\n<\/div>\n<p>[\/vc_column_text][vc_empty_space][vc_column_text]<\/p>\n<div class=\"panel panel-default\">\n<div class=\"panel-heading\">\n<h4 class=\"panel-title title_rgpd\">Reasons for handling and legal framework<\/h4>\n<\/div>\n<div id=\"collapse3\" class=\"panel-collapse collapse\">\n<div class=\"panel-body text_rgpd\">\n<p>The personal data handled on the site are:<\/p>\n<ul>\n<li>Collected during customer\/user registration: name and email<\/li>\n<li>Obtained during site navigation: IP, type of device;<\/li>\n<li>Obtained through Facebook login: social profile (social networks).<\/li>\n<\/ul>\n<p>Why do we need your information? MarquesMarcas\u00ae will handle your personal data manually and\/or electronically for the following purposes:<\/p>\n<ul>\n<li>Marketing:<\/li>\n<\/ul>\n<p>f the Customer provides express consent at the time his\/her account is created or amended, can process your data to send you information about news, campaigns, offers and event messages, through any communication channel, namely through the use of electronic mail, or other forms of automatic calling.<\/p>\n<p>Consent to personal data being handled for direct marketing may be withdrawn at any time:<\/p>\n<ol>\n<li>When contacting the Customer Support team via email at <a href=\"mailto:info@marquesmarcas.com\">info@marquesmarcas.com<\/a><\/li>\n<\/ol>\n<\/div>\n<\/div>\n<\/div>\n<p>[\/vc_column_text][vc_empty_space][vc_column_text]<\/p>\n<div class=\"panel panel-default\">\n<div class=\"panel-heading\">\n<h4 class=\"panel-title title_rgpd\">How long we hold your data<\/h4>\n<\/div>\n<div id=\"collapse4\" class=\"panel-collapse collapse\">\n<div class=\"panel-body text_rgpd\">We hold your data only as long as needed within the context of the purpose for which they were collected. For the purposes described in this Privacy Policy, your personal data will be stored no more than 10 years from the date on which we received your consent, or from the date of your last purchase, and only if you have not withdrawn your consent in that time.<\/div>\n<\/div>\n<\/div>\n<p>[\/vc_column_text][vc_empty_space][vc_column_text]<\/p>\n<div class=\"panel panel-default\">\n<div class=\"panel-heading\">\n<h4 class=\"panel-title title_rgpd\">Consent<\/h4>\n<\/div>\n<div id=\"collapse5\" class=\"panel-collapse collapse\">\n<div class=\"panel-body text_rgpd\">\n<p>When you consent to this Privacy Policy, you are giving permission for your personal data to be processed specifically for the purposes listed and selected.<\/p>\n<p>If consent is legally needed to handle personal data, the subject of the data has the right to withdraw his\/her consent at any time, although that right does not compromise the lawfulness of the handling carried out based on prior consent not on subsequent handling of the same data based on another lawful reason, such as fulfilling an agreement or legal obligation that MarquesMarcas\u00ae may be subject to.<\/p>\n<p>You may withdraw your consent by writing to our postal address, calling us, or emailing us at <a class=\"mylink_\" href=\"mailto:info@marquesmarcas.com\" target=\"_blank\" rel=\"noopener\">info@marquesmarcas.com<\/a>.<\/div>\n<\/div>\n<\/div>\n<p>[\/vc_column_text][vc_empty_space][vc_column_text]<\/p>\n<div class=\"panel panel-default\">\n<div class=\"panel-heading\">\n<h4 class=\"panel-title title_rgpd\">Subcontractors<\/h4>\n<\/div>\n<div id=\"collapse7\" class=\"panel-collapse collapse\">\n<div class=\"panel-body text_rgpd\">\n<p>User data may be handled by a suitable service provider contracted by MarquesMarcas\u00ae. The service provider shall handle data exclusively for the purposes established by MarquesMarcas\u00ae and in compliance with the instructions issued by it, strictly complying with the legal rules on personal data protection, information security and other applicable standards.<\/p><\/div>\n<\/div>\n<\/div>\n<p>[\/vc_column_text][vc_empty_space][vc_column_text]<\/p>\n<div class=\"panel panel-default\">\n<div class=\"panel-heading\">\n<h4 class=\"panel-title title_rgpd\">International data transfers<\/h4>\n<\/div>\n<div id=\"collapse8\" class=\"panel-collapse collapse\">\n<div class=\"panel-body text_rgpd\">\n<p>MarquesMarcas\u00ae shall handle user data within the European Economic Area (EEA) and therefore does not anticipate any international data transfers.<\/p><\/div>\n<\/div>\n<\/div>\n<p>[\/vc_column_text][vc_empty_space][vc_column_text]<\/p>\n<div class=\"panel panel-default\">\n<div class=\"panel-heading\">\n<h4 class=\"panel-title title_rgpd\">Direitos dos utilizadores<\/h4>\n<\/div>\n<div id=\"collapse9\" class=\"panel-collapse collapse\">\n<div class=\"panel-body text_rgpd\">While MarquesMarcas is in possession of or handles personal data, any user may exercise the following rights for free and at any time:<\/div>\n<\/div>\n<\/div>\n<ul>\n<li>Right of access &#8211; the right to request a copy of the information we hold about you;<\/li>\n<li>Right of rectification &#8211; the right to correct any data which you consider to be inaccurate or incomplete;<\/li>\n<li>Right to be forgotten &#8211; under certain circumstances, as a user, you may request that we erase all data we hold about you from all our records;<\/li>\n<li>Right to processing restriction &#8211; when certain conditions are met to entitle you to restrict processing;<\/li>\n<li>Right of portability &#8211; the right to have your data transferred to another organization;<\/li>\n<li>Right to object &#8211; the right to object to certain types of processing, such as direct marketing;<\/li>\n<li>The right to object to automated processing, including profiling;<\/li>\n<li>Right to judicial appeal: if MarquesMarcas\u00ae refuses your request according to access rights, we will explain why. As a user, you have the right to complain as described below.<\/li>\n<\/ul>\n<p>The rights above may be exercised by emailing <a class=\"mylink_\" href=\"mailto:info@marquesmarcas.com\" target=\"_blank\" rel=\"noopener\">info@marquesmarcas.com<\/a> or by registered mail to the postal address:<\/p>\n<p>Avenida Luisa Todi, N\u00ba. 33 1\u00ba B<\/p>\n<p>2900-460 SET\u00daBAL-PORTUGAL<\/p>\n<p>[\/vc_column_text][vc_empty_space][vc_column_text]<\/p>\n<div class=\"panel panel-default\">\n<div class=\"panel-heading\">\n<h4 class=\"panel-title title_rgpd\">Complaints<\/h4>\n<\/div>\n<div id=\"collapse10\" class=\"panel-collapse collapse\">\n<div class=\"panel-body text_rgpd\">\n<p>If a user wishes to make a complaint about how his\/her personal data are being processed by MarquesMarcas\u00ae, or about how his\/her complaint was handled, he\/she has the right to complain directly to the supervisory body and to MarquesMarcas\u00ae.<br \/>\nContact details for MarquesMarcas\u00ae, Lda:<\/p>\n<p>Avenida Luisa Todi, N\u00ba. 33 1\u00ba B<\/p>\n<p>2900-460 SET\u00daBAL-PORTUGAL<\/p>\n<p>Contactos da Autoridade de Controlo:<\/p>\n<p>Contact details for the Supervisory Authority:<br \/>\nCNPD, Rua de S\u00e3o Bento, n.\u00ba 148, 3\u00ba, 1200-821 Lisboa, Tel: 351 213928400, Fax: +351 213976832, e-mail: <a class=\"mylink_\" href=\"mailto:geral@cnpd.pt\" target=\"_blank\" rel=\"noopener\">geral@cnpd.pt<\/a>.<\/div>\n<\/div>\n<\/div>\n<p>[\/vc_column_text][vc_empty_space][vc_column_text]<\/p>\n<div class=\"panel panel-default\">\n<div class=\"panel-heading\">\n<h4 class=\"panel-title title_rgpd\">Contact details for the Supervisory Authority:<\/h4>\n<\/div>\n<div id=\"collapse11\" class=\"panel-collapse collapse\">\n<div class=\"panel-body text_rgpd\">\n<p>The data held in the customer&#8217;s account and marked with an asterisk (*) are mandatory for fulfilling the established purpose.<\/p>\n<p>As such, if the user does not supply those data, MarquesMarcas\u00ae cannot meet his\/her request.<\/p><\/div>\n<\/div>\n<\/div>\n<p>[\/vc_column_text][vc_empty_space][vc_column_text]<\/p>\n<div class=\"panel panel-default\">\n<div class=\"panel-heading\">\n<h4 class=\"panel-title title_rgpd\">Automated Decisions<\/h4>\n<\/div>\n<div id=\"collapse12\" class=\"panel-collapse collapse\">\n<div class=\"panel-body text_rgpd\">A MarquesMarcas\u00ae may prepare user profiles that enable automated decisions based on personal characteristics, preferences, behaviour history and location. In such cases, the user has the right to require human intervention in that decision, to express his\/her point of view and to challenge the decision made by MarquesMarcas\u00ae.<\/div>\n<\/div>\n<\/div>\n<p>[\/vc_column_text][vc_empty_space][vc_column_text]<\/p>\n<div class=\"panel panel-default\">\n<div class=\"panel-heading\">\n<h4 class=\"panel-title title_rgpd\">Personal data protection measures<\/h4>\n<\/div>\n<div id=\"collapse13\" class=\"panel-collapse collapse\">\n<div class=\"panel-body text_rgpd\">\n<p>A MarquesMarcas\u00ae uses various suitable technical and organizational measures to protect users&#8217; personal data, including the use of secure servers, firewalls, and application and communication data encryption.<\/p><\/div>\n<\/div>\n<\/div>\n<p>[\/vc_column_text][vc_empty_space][vc_column_text]<\/p>\n<div class=\"panel panel-default\">\n<div class=\"panel-heading\">\n<h4 class=\"panel-title title_rgpd\">Use of &#8220;cookies&#8221;<\/h4>\n<\/div>\n<div id=\"collapse14\" class=\"panel-collapse collapse\">\n<div class=\"panel-body text_rgpd\">\n<p>A marquesmarcas.com uses automated data collection systems, such as cookies. A cookie is a small amount of data sent to a user&#8217;s hard drive with information relating to the user&#8217;s navigation on the Platform; its main purpose is to make browsing easier. Even though cookies do not contain any intelligble information, they allow us to link an Internet user to his\/her personal information.<br \/>\nCookies are sent by our servers and nobody has access to the information they contain.<\/p>\n<p>Only marquesmarcas.com can access the information collected by cookies collectively and anonymously in order to optimize its services and those of this site within the scope of the user&#8217;s needs and preferences, and to ensure web pages presented are personalized.<\/p>\n<p>Accepting our automated data collection processes and the use of cookies is essential to enjoy the many resources and services offered through this site, including making purchases.<\/p>\n<p>If you choose to configure your browser to block and\/or delete cookies, please be advised that we cannot guarantee that you will have access to all the resources and services offered through the site (for example, your computer may not be able to display the image of the item you are trying to purchase).<\/p>\n<p>We will use cookies to facilitate functions such as reading and analyzing website visitors in order to optimize website performance and usability.<\/p><\/div>\n<\/div>\n<\/div>\n<p>[\/vc_column_text][vc_empty_space][vc_column_text]<\/p>\n<div class=\"panel panel-default\">\n<div class=\"panel-heading\">\n<h4 class=\"panel-title title_rgpd\">Changes to this Privacy Policy<\/h4>\n<\/div>\n<div id=\"collapse15\" class=\"panel-collapse collapse\">\n<div class=\"panel-body text_rgpd\">\n<p>MarquesMarcas\u00ae will update this Privacy Policy from time to time.<\/p>\n<p>We ask that you periodically check this document to remain up to date.<\/p><\/div>\n<\/div>\n<\/div>\n<p>[\/vc_column_text][vc_empty_space][\/vc_column][\/vc_row]<\/p>\n<\/section>","protected":false},"excerpt":{"rendered":"<p>[vc_row css_animation=&#8221;&#8221; row_type=&#8221;row&#8221; use_row_as_full_screen_section=&#8221;no&#8221; type=&#8221;full_width&#8221; angled_section=&#8221;no&#8221; text_align=&#8221;left&#8221; background_image_as_pattern=&#8221;without_pattern&#8221;][vc_column][vc_column_text] Privacy Policy MarquesMarcas\u00ae has the importance of protecting your personal data being whatever its nature. For this reason, we have developed a set of security measures that aim at protecting the data of all our customers and&#8230;<\/p>\n","protected":false},"author":1,"featured_media":0,"parent":0,"menu_order":0,"comment_status":"closed","ping_status":"closed","template":"","meta":[],"yoast_head":"<!-- This site is optimized with the Yoast SEO plugin v20.10 - https:\/\/yoast.com\/wordpress\/plugins\/seo\/ -->\n<title>Privacy Policy | Marques Marcas<\/title>\n<meta name=\"robots\" content=\"index, follow, max-snippet:-1, max-image-preview:large, max-video-preview:-1\" \/>\n<link rel=\"canonical\" href=\"https:\/\/marquesmarcas.com\/privacy-policy\/\" \/>\n<meta property=\"og:locale\" content=\"en_US\" \/>\n<meta property=\"og:type\" content=\"article\" \/>\n<meta property=\"og:title\" content=\"Privacy Policy | Marques Marcas\" \/>\n<meta property=\"og:description\" content=\"[vc_row css_animation=&#8221;&#8221; row_type=&#8221;row&#8221; use_row_as_full_screen_section=&#8221;no&#8221; type=&#8221;full_width&#8221; angled_section=&#8221;no&#8221; text_align=&#8221;left&#8221; background_image_as_pattern=&#8221;without_pattern&#8221;][vc_column][vc_column_text] Privacy Policy MarquesMarcas\u00ae has the importance of protecting your personal data being whatever its nature. For this reason, we have developed a set of security measures that aim at protecting the data of all our customers and...\" \/>\n<meta property=\"og:url\" content=\"https:\/\/marquesmarcas.com\/privacy-policy\/\" \/>\n<meta property=\"og:site_name\" content=\"Marques Marcas\" \/>\n<meta property=\"article:publisher\" content=\"https:\/\/www.facebook.com\/marquesmarcas.consult\" \/>\n<meta property=\"article:modified_time\" content=\"2018-05-25T15:53:22+00:00\" \/>\n<meta name=\"twitter:card\" content=\"summary_large_image\" \/>\n<meta name=\"twitter:label1\" content=\"Est. reading time\" \/>\n\t<meta name=\"twitter:data1\" content=\"8 minutes\" \/>\n<script type=\"application\/ld+json\" class=\"yoast-schema-graph\">{\"@context\":\"https:\/\/schema.org\",\"@graph\":[{\"@type\":\"WebPage\",\"@id\":\"https:\/\/marquesmarcas.com\/privacy-policy\/\",\"url\":\"https:\/\/marquesmarcas.com\/privacy-policy\/\",\"name\":\"Privacy Policy | Marques Marcas\",\"isPartOf\":{\"@id\":\"https:\/\/marquesmarcas.com\/#website\"},\"datePublished\":\"2018-05-21T02:18:22+00:00\",\"dateModified\":\"2018-05-25T15:53:22+00:00\",\"breadcrumb\":{\"@id\":\"https:\/\/marquesmarcas.com\/privacy-policy\/#breadcrumb\"},\"inLanguage\":\"en-US\",\"potentialAction\":[{\"@type\":\"ReadAction\",\"target\":[\"https:\/\/marquesmarcas.com\/privacy-policy\/\"]}]},{\"@type\":\"BreadcrumbList\",\"@id\":\"https:\/\/marquesmarcas.com\/privacy-policy\/#breadcrumb\",\"itemListElement\":[{\"@type\":\"ListItem\",\"position\":1,\"name\":\"In\u00edcio\",\"item\":\"https:\/\/marquesmarcas.com\/home\/\"},{\"@type\":\"ListItem\",\"position\":2,\"name\":\"Privacy Policy\"}]},{\"@type\":\"WebSite\",\"@id\":\"https:\/\/marquesmarcas.com\/#website\",\"url\":\"https:\/\/marquesmarcas.com\/\",\"name\":\"Marques Marcas\",\"description\":\"Marcas e Patentes\",\"publisher\":{\"@id\":\"https:\/\/marquesmarcas.com\/#organization\"},\"potentialAction\":[{\"@type\":\"SearchAction\",\"target\":{\"@type\":\"EntryPoint\",\"urlTemplate\":\"https:\/\/marquesmarcas.com\/?s={search_term_string}\"},\"query-input\":\"required name=search_term_string\"}],\"inLanguage\":\"en-US\"},{\"@type\":\"Organization\",\"@id\":\"https:\/\/marquesmarcas.com\/#organization\",\"name\":\"MarquesMarcas\",\"url\":\"https:\/\/marquesmarcas.com\/\",\"logo\":{\"@type\":\"ImageObject\",\"inLanguage\":\"en-US\",\"@id\":\"https:\/\/marquesmarcas.com\/#\/schema\/logo\/image\/\",\"url\":\"https:\/\/marquesmarcas.com\/wp-content\/uploads\/2016\/11\/logo.jpg\",\"contentUrl\":\"https:\/\/marquesmarcas.com\/wp-content\/uploads\/2016\/11\/logo.jpg\",\"width\":433,\"height\":104,\"caption\":\"MarquesMarcas\"},\"image\":{\"@id\":\"https:\/\/marquesmarcas.com\/#\/schema\/logo\/image\/\"},\"sameAs\":[\"https:\/\/www.facebook.com\/marquesmarcas.consult\",\"https:\/\/www.linkedin.com\/company\/marquesmarcas\"]}]}<\/script>\n<!-- \/ Yoast SEO plugin. -->","yoast_head_json":{"title":"Privacy Policy | Marques Marcas","robots":{"index":"index","follow":"follow","max-snippet":"max-snippet:-1","max-image-preview":"max-image-preview:large","max-video-preview":"max-video-preview:-1"},"canonical":"https:\/\/marquesmarcas.com\/privacy-policy\/","og_locale":"en_US","og_type":"article","og_title":"Privacy Policy | Marques Marcas","og_description":"[vc_row css_animation=&#8221;&#8221; row_type=&#8221;row&#8221; use_row_as_full_screen_section=&#8221;no&#8221; type=&#8221;full_width&#8221; angled_section=&#8221;no&#8221; text_align=&#8221;left&#8221; background_image_as_pattern=&#8221;without_pattern&#8221;][vc_column][vc_column_text] Privacy Policy MarquesMarcas\u00ae has the importance of protecting your personal data being whatever its nature. For this reason, we have developed a set of security measures that aim at protecting the data of all our customers and...","og_url":"https:\/\/marquesmarcas.com\/privacy-policy\/","og_site_name":"Marques Marcas","article_publisher":"https:\/\/www.facebook.com\/marquesmarcas.consult","article_modified_time":"2018-05-25T15:53:22+00:00","twitter_card":"summary_large_image","twitter_misc":{"Est. reading time":"8 minutes"},"schema":{"@context":"https:\/\/schema.org","@graph":[{"@type":"WebPage","@id":"https:\/\/marquesmarcas.com\/privacy-policy\/","url":"https:\/\/marquesmarcas.com\/privacy-policy\/","name":"Privacy Policy | Marques Marcas","isPartOf":{"@id":"https:\/\/marquesmarcas.com\/#website"},"datePublished":"2018-05-21T02:18:22+00:00","dateModified":"2018-05-25T15:53:22+00:00","breadcrumb":{"@id":"https:\/\/marquesmarcas.com\/privacy-policy\/#breadcrumb"},"inLanguage":"en-US","potentialAction":[{"@type":"ReadAction","target":["https:\/\/marquesmarcas.com\/privacy-policy\/"]}]},{"@type":"BreadcrumbList","@id":"https:\/\/marquesmarcas.com\/privacy-policy\/#breadcrumb","itemListElement":[{"@type":"ListItem","position":1,"name":"In\u00edcio","item":"https:\/\/marquesmarcas.com\/home\/"},{"@type":"ListItem","position":2,"name":"Privacy Policy"}]},{"@type":"WebSite","@id":"https:\/\/marquesmarcas.com\/#website","url":"https:\/\/marquesmarcas.com\/","name":"Marques Marcas","description":"Marcas e Patentes","publisher":{"@id":"https:\/\/marquesmarcas.com\/#organization"},"potentialAction":[{"@type":"SearchAction","target":{"@type":"EntryPoint","urlTemplate":"https:\/\/marquesmarcas.com\/?s={search_term_string}"},"query-input":"required name=search_term_string"}],"inLanguage":"en-US"},{"@type":"Organization","@id":"https:\/\/marquesmarcas.com\/#organization","name":"MarquesMarcas","url":"https:\/\/marquesmarcas.com\/","logo":{"@type":"ImageObject","inLanguage":"en-US","@id":"https:\/\/marquesmarcas.com\/#\/schema\/logo\/image\/","url":"https:\/\/marquesmarcas.com\/wp-content\/uploads\/2016\/11\/logo.jpg","contentUrl":"https:\/\/marquesmarcas.com\/wp-content\/uploads\/2016\/11\/logo.jpg","width":433,"height":104,"caption":"MarquesMarcas"},"image":{"@id":"https:\/\/marquesmarcas.com\/#\/schema\/logo\/image\/"},"sameAs":["https:\/\/www.facebook.com\/marquesmarcas.consult","https:\/\/www.linkedin.com\/company\/marquesmarcas"]}]}},"_links":{"self":[{"href":"https:\/\/marquesmarcas.com\/en\/wp-json\/wp\/v2\/pages\/375"}],"collection":[{"href":"https:\/\/marquesmarcas.com\/en\/wp-json\/wp\/v2\/pages"}],"about":[{"href":"https:\/\/marquesmarcas.com\/en\/wp-json\/wp\/v2\/types\/page"}],"author":[{"embeddable":true,"href":"https:\/\/marquesmarcas.com\/en\/wp-json\/wp\/v2\/users\/1"}],"replies":[{"embeddable":true,"href":"https:\/\/marquesmarcas.com\/en\/wp-json\/wp\/v2\/comments?post=375"}],"version-history":[{"count":0,"href":"https:\/\/marquesmarcas.com\/en\/wp-json\/wp\/v2\/pages\/375\/revisions"}],"wp:attachment":[{"href":"https:\/\/marquesmarcas.com\/en\/wp-json\/wp\/v2\/media?parent=375"}],"curies":[{"name":"wp","href":"https:\/\/api.w.org\/{rel}","templated":true}]}}